{"id":1391,"date":"2024-02-13T05:28:04","date_gmt":"2024-02-13T04:28:04","guid":{"rendered":"https:\/\/congresointernacionaldepsicologia.com\/?post_type=product&#038;p=1391"},"modified":"2024-06-16T00:00:36","modified_gmt":"2024-06-15T22:00:36","slug":"entrada-online","status":"publish","type":"product","link":"https:\/\/congresointernacionaldepsicologia.com\/en\/product\/entrada-online\/","title":{"rendered":"Acceso Online"},"content":{"rendered":"<p>\u00a1No te pierdas el evento del a\u00f1o! \u00danete a nosotros en nuestro emocionante Congreso Internacional de manera online. Sum\u00e9rgete en un ambiente enriquecedor, conecta con l\u00edderes de la industria y participa en talleres interactivos.<\/p>","protected":false},"excerpt":{"rendered":"<p>\u00a1No te pierdas el evento del a\u00f1o! \u00danete a nosotros en nuestro emocionante Congreso Internacional de manera online. Sum\u00e9rgete en un ambiente enriquecedor, conecta con l\u00edderes de la industria y [&hellip;]<\/p>\n","protected":false},"featured_media":2279,"template":"","meta":[],"product_brand":[],"product_cat":[26],"product_tag":[],"class_list":{"0":"post-1391","1":"product","2":"type-product","3":"status-publish","4":"has-post-thumbnail","6":"product_cat-hasta-el-15-junio","8":"first","9":"instock","10":"downloadable","11":"virtual","12":"purchasable","13":"product-type-simple"},"yoast_head":"<!-- This site is optimized with the Yoast SEO plugin v27.5 - https:\/\/yoast.com\/product\/yoast-seo-wordpress\/ -->\n<title>Acceso Online - Congreso Internacional de Psicoterapia Sist\u00e9mica<\/title>\n<meta name=\"robots\" content=\"index, follow, max-snippet:-1, max-image-preview:large, max-video-preview:-1\" \/>\n<link rel=\"canonical\" href=\"https:\/\/congresointernacionaldepsicologia.com\/en\/product\/entrada-online\/\" \/>\n<meta property=\"og:locale\" content=\"en_US\" \/>\n<meta property=\"og:type\" content=\"article\" \/>\n<meta property=\"og:title\" content=\"Acceso Online - Congreso Internacional de Psicoterapia Sist\u00e9mica\" \/>\n<meta property=\"og:description\" content=\"\u00a1No te pierdas el evento del a\u00f1o! \u00danete a nosotros en nuestro emocionante Congreso Internacional de manera online. Sum\u00e9rgete en un ambiente enriquecedor, conecta con l\u00edderes de la industria y [&hellip;]\" \/>\n<meta property=\"og:url\" content=\"https:\/\/congresointernacionaldepsicologia.com\/en\/product\/entrada-online\/\" \/>\n<meta property=\"og:site_name\" content=\"Congreso Internacional de Psicoterapia Sist\u00e9mica\" \/>\n<meta property=\"article:modified_time\" content=\"2024-06-15T22:00:36+00:00\" \/>\n<meta property=\"og:image\" content=\"https:\/\/congresointernacionaldepsicologia.com\/wp-content\/uploads\/2024\/02\/ACCESO-ONLINE.png\" \/>\n\t<meta property=\"og:image:width\" content=\"1920\" \/>\n\t<meta property=\"og:image:height\" content=\"1080\" \/>\n\t<meta property=\"og:image:type\" content=\"image\/png\" \/>\n<meta name=\"twitter:card\" content=\"summary_large_image\" \/>\n<meta name=\"twitter:label1\" content=\"Est. reading time\" \/>\n\t<meta name=\"twitter:data1\" content=\"1 minute\" \/>\n<script type=\"application\/ld+json\" class=\"yoast-schema-graph\">{\"@context\":\"https:\\\/\\\/schema.org\",\"@graph\":[{\"@type\":\"WebPage\",\"@id\":\"https:\\\/\\\/congresointernacionaldepsicologia.com\\\/producto\\\/entrada-online\\\/\",\"url\":\"https:\\\/\\\/congresointernacionaldepsicologia.com\\\/producto\\\/entrada-online\\\/\",\"name\":\"Acceso Online - Congreso Internacional de Psicoterapia Sist\u00e9mica\",\"isPartOf\":{\"@id\":\"https:\\\/\\\/congresointernacionaldepsicologia.com\\\/#website\"},\"primaryImageOfPage\":{\"@id\":\"https:\\\/\\\/congresointernacionaldepsicologia.com\\\/producto\\\/entrada-online\\\/#primaryimage\"},\"image\":{\"@id\":\"https:\\\/\\\/congresointernacionaldepsicologia.com\\\/producto\\\/entrada-online\\\/#primaryimage\"},\"thumbnailUrl\":\"https:\\\/\\\/congresointernacionaldepsicologia.com\\\/wp-content\\\/uploads\\\/2024\\\/02\\\/ACCESO-ONLINE.png\",\"datePublished\":\"2024-02-13T04:28:04+00:00\",\"dateModified\":\"2024-06-15T22:00:36+00:00\",\"breadcrumb\":{\"@id\":\"https:\\\/\\\/congresointernacionaldepsicologia.com\\\/producto\\\/entrada-online\\\/#breadcrumb\"},\"inLanguage\":\"en-US\",\"potentialAction\":[{\"@type\":\"ReadAction\",\"target\":[\"https:\\\/\\\/congresointernacionaldepsicologia.com\\\/producto\\\/entrada-online\\\/\"]}]},{\"@type\":\"ImageObject\",\"inLanguage\":\"en-US\",\"@id\":\"https:\\\/\\\/congresointernacionaldepsicologia.com\\\/producto\\\/entrada-online\\\/#primaryimage\",\"url\":\"https:\\\/\\\/congresointernacionaldepsicologia.com\\\/wp-content\\\/uploads\\\/2024\\\/02\\\/ACCESO-ONLINE.png\",\"contentUrl\":\"https:\\\/\\\/congresointernacionaldepsicologia.com\\\/wp-content\\\/uploads\\\/2024\\\/02\\\/ACCESO-ONLINE.png\",\"width\":1920,\"height\":1080},{\"@type\":\"BreadcrumbList\",\"@id\":\"https:\\\/\\\/congresointernacionaldepsicologia.com\\\/producto\\\/entrada-online\\\/#breadcrumb\",\"itemListElement\":[{\"@type\":\"ListItem\",\"position\":1,\"name\":\"Portada\",\"item\":\"https:\\\/\\\/congresointernacionaldepsicologia.com\\\/\"},{\"@type\":\"ListItem\",\"position\":2,\"name\":\"Tienda\",\"item\":\"https:\\\/\\\/congresointernacionaldepsicologia.com\\\/tienda\\\/\"},{\"@type\":\"ListItem\",\"position\":3,\"name\":\"Acceso Online\"}]},{\"@type\":\"WebSite\",\"@id\":\"https:\\\/\\\/congresointernacionaldepsicologia.com\\\/#website\",\"url\":\"https:\\\/\\\/congresointernacionaldepsicologia.com\\\/\",\"name\":\"Congreso Internacional de Psicoterapia Sist\u00e9mica\",\"description\":\"\",\"publisher\":{\"@id\":\"https:\\\/\\\/congresointernacionaldepsicologia.com\\\/#organization\"},\"potentialAction\":[{\"@type\":\"SearchAction\",\"target\":{\"@type\":\"EntryPoint\",\"urlTemplate\":\"https:\\\/\\\/congresointernacionaldepsicologia.com\\\/?s={search_term_string}\"},\"query-input\":{\"@type\":\"PropertyValueSpecification\",\"valueRequired\":true,\"valueName\":\"search_term_string\"}}],\"inLanguage\":\"en-US\"},{\"@type\":\"Organization\",\"@id\":\"https:\\\/\\\/congresointernacionaldepsicologia.com\\\/#organization\",\"name\":\"Congreso Internacional de Psicoterapia Sist\u00e9mica\",\"url\":\"https:\\\/\\\/congresointernacionaldepsicologia.com\\\/\",\"logo\":{\"@type\":\"ImageObject\",\"inLanguage\":\"en-US\",\"@id\":\"https:\\\/\\\/congresointernacionaldepsicologia.com\\\/#\\\/schema\\\/logo\\\/image\\\/\",\"url\":\"https:\\\/\\\/congresointernacionaldepsicologia.com\\\/wp-content\\\/uploads\\\/2025\\\/02\\\/cropped-LOGO-CONGRESO-2026.png\",\"contentUrl\":\"https:\\\/\\\/congresointernacionaldepsicologia.com\\\/wp-content\\\/uploads\\\/2025\\\/02\\\/cropped-LOGO-CONGRESO-2026.png\",\"width\":4560,\"height\":1302,\"caption\":\"Congreso Internacional de Psicoterapia Sist\u00e9mica\"},\"image\":{\"@id\":\"https:\\\/\\\/congresointernacionaldepsicologia.com\\\/#\\\/schema\\\/logo\\\/image\\\/\"}}]}<\/script>\n<!-- \/ Yoast SEO plugin. -->","yoast_head_json":{"title":"Acceso Online - Congreso Internacional de Psicoterapia Sist\u00e9mica","robots":{"index":"index","follow":"follow","max-snippet":"max-snippet:-1","max-image-preview":"max-image-preview:large","max-video-preview":"max-video-preview:-1"},"canonical":"https:\/\/congresointernacionaldepsicologia.com\/en\/product\/entrada-online\/","og_locale":"en_US","og_type":"article","og_title":"Acceso Online - Congreso Internacional de Psicoterapia Sist\u00e9mica","og_description":"\u00a1No te pierdas el evento del a\u00f1o! \u00danete a nosotros en nuestro emocionante Congreso Internacional de manera online. Sum\u00e9rgete en un ambiente enriquecedor, conecta con l\u00edderes de la industria y [&hellip;]","og_url":"https:\/\/congresointernacionaldepsicologia.com\/en\/product\/entrada-online\/","og_site_name":"Congreso Internacional de Psicoterapia Sist\u00e9mica","article_modified_time":"2024-06-15T22:00:36+00:00","og_image":[{"width":1920,"height":1080,"url":"https:\/\/congresointernacionaldepsicologia.com\/wp-content\/uploads\/2024\/02\/ACCESO-ONLINE.png","type":"image\/png"}],"twitter_card":"summary_large_image","twitter_misc":{"Est. reading time":"1 minute"},"schema":{"@context":"https:\/\/schema.org","@graph":[{"@type":"WebPage","@id":"https:\/\/congresointernacionaldepsicologia.com\/producto\/entrada-online\/","url":"https:\/\/congresointernacionaldepsicologia.com\/producto\/entrada-online\/","name":"Acceso Online - Congreso Internacional de Psicoterapia Sist\u00e9mica","isPartOf":{"@id":"https:\/\/congresointernacionaldepsicologia.com\/#website"},"primaryImageOfPage":{"@id":"https:\/\/congresointernacionaldepsicologia.com\/producto\/entrada-online\/#primaryimage"},"image":{"@id":"https:\/\/congresointernacionaldepsicologia.com\/producto\/entrada-online\/#primaryimage"},"thumbnailUrl":"https:\/\/congresointernacionaldepsicologia.com\/wp-content\/uploads\/2024\/02\/ACCESO-ONLINE.png","datePublished":"2024-02-13T04:28:04+00:00","dateModified":"2024-06-15T22:00:36+00:00","breadcrumb":{"@id":"https:\/\/congresointernacionaldepsicologia.com\/producto\/entrada-online\/#breadcrumb"},"inLanguage":"en-US","potentialAction":[{"@type":"ReadAction","target":["https:\/\/congresointernacionaldepsicologia.com\/producto\/entrada-online\/"]}]},{"@type":"ImageObject","inLanguage":"en-US","@id":"https:\/\/congresointernacionaldepsicologia.com\/producto\/entrada-online\/#primaryimage","url":"https:\/\/congresointernacionaldepsicologia.com\/wp-content\/uploads\/2024\/02\/ACCESO-ONLINE.png","contentUrl":"https:\/\/congresointernacionaldepsicologia.com\/wp-content\/uploads\/2024\/02\/ACCESO-ONLINE.png","width":1920,"height":1080},{"@type":"BreadcrumbList","@id":"https:\/\/congresointernacionaldepsicologia.com\/producto\/entrada-online\/#breadcrumb","itemListElement":[{"@type":"ListItem","position":1,"name":"Portada","item":"https:\/\/congresointernacionaldepsicologia.com\/"},{"@type":"ListItem","position":2,"name":"Tienda","item":"https:\/\/congresointernacionaldepsicologia.com\/tienda\/"},{"@type":"ListItem","position":3,"name":"Acceso Online"}]},{"@type":"WebSite","@id":"https:\/\/congresointernacionaldepsicologia.com\/#website","url":"https:\/\/congresointernacionaldepsicologia.com\/","name":"Congreso Internacional de Psicoterapia Sist\u00e9mica","description":"","publisher":{"@id":"https:\/\/congresointernacionaldepsicologia.com\/#organization"},"potentialAction":[{"@type":"SearchAction","target":{"@type":"EntryPoint","urlTemplate":"https:\/\/congresointernacionaldepsicologia.com\/?s={search_term_string}"},"query-input":{"@type":"PropertyValueSpecification","valueRequired":true,"valueName":"search_term_string"}}],"inLanguage":"en-US"},{"@type":"Organization","@id":"https:\/\/congresointernacionaldepsicologia.com\/#organization","name":"Congreso Internacional de Psicoterapia Sist\u00e9mica","url":"https:\/\/congresointernacionaldepsicologia.com\/","logo":{"@type":"ImageObject","inLanguage":"en-US","@id":"https:\/\/congresointernacionaldepsicologia.com\/#\/schema\/logo\/image\/","url":"https:\/\/congresointernacionaldepsicologia.com\/wp-content\/uploads\/2025\/02\/cropped-LOGO-CONGRESO-2026.png","contentUrl":"https:\/\/congresointernacionaldepsicologia.com\/wp-content\/uploads\/2025\/02\/cropped-LOGO-CONGRESO-2026.png","width":4560,"height":1302,"caption":"Congreso Internacional de Psicoterapia Sist\u00e9mica"},"image":{"@id":"https:\/\/congresointernacionaldepsicologia.com\/#\/schema\/logo\/image\/"}}]}},"_links":{"self":[{"href":"https:\/\/congresointernacionaldepsicologia.com\/en\/wp-json\/wp\/v2\/product\/1391","targetHints":{"allow":["GET"]}}],"collection":[{"href":"https:\/\/congresointernacionaldepsicologia.com\/en\/wp-json\/wp\/v2\/product"}],"about":[{"href":"https:\/\/congresointernacionaldepsicologia.com\/en\/wp-json\/wp\/v2\/types\/product"}],"wp:featuredmedia":[{"embeddable":true,"href":"https:\/\/congresointernacionaldepsicologia.com\/en\/wp-json\/wp\/v2\/media\/2279"}],"wp:attachment":[{"href":"https:\/\/congresointernacionaldepsicologia.com\/en\/wp-json\/wp\/v2\/media?parent=1391"}],"wp:term":[{"taxonomy":"product_brand","embeddable":true,"href":"https:\/\/congresointernacionaldepsicologia.com\/en\/wp-json\/wp\/v2\/product_brand?post=1391"},{"taxonomy":"product_cat","embeddable":true,"href":"https:\/\/congresointernacionaldepsicologia.com\/en\/wp-json\/wp\/v2\/product_cat?post=1391"},{"taxonomy":"product_tag","embeddable":true,"href":"https:\/\/congresointernacionaldepsicologia.com\/en\/wp-json\/wp\/v2\/product_tag?post=1391"}],"curies":[{"name":"wp","href":"https:\/\/api.w.org\/{rel}","templated":true}]}}