{"id":2765,"date":"2024-06-23T13:48:12","date_gmt":"2024-06-23T11:48:12","guid":{"rendered":"https:\/\/congresointernacionaldepsicologia.com\/?page_id=2765"},"modified":"2024-06-23T14:59:37","modified_gmt":"2024-06-23T12:59:37","slug":"aviso-legal","status":"publish","type":"page","link":"https:\/\/congresointernacionaldepsicologia.com\/en\/aviso-legal\/","title":{"rendered":"Aviso Legal"},"content":{"rendered":"<div data-elementor-type=\"wp-page\" data-elementor-id=\"2765\" class=\"elementor elementor-2765\" data-elementor-post-type=\"page\">\n\t\t\t\t<div class=\"elementor-element elementor-element-546a858 e-flex e-con-boxed e-con e-parent\" data-id=\"546a858\" data-element_type=\"container\" data-e-type=\"container\">\n\t\t\t\t\t<div class=\"e-con-inner\">\n\t\t\t\t<div class=\"elementor-element elementor-element-1d0f9e8 elementor-widget elementor-widget-text-editor\" data-id=\"1d0f9e8\" data-element_type=\"widget\" data-e-type=\"widget\" data-widget_type=\"text-editor.default\">\n\t\t\t\t<div class=\"elementor-widget-container\">\n\t\t\t\t\t\t\t\t\t<div class=\"elementor-element elementor-element-cec1a82 elementor-widget elementor-widget-heading\" data-id=\"cec1a82\" data-element_type=\"widget\" data-widget_type=\"heading.default\"><div class=\"elementor-widget-container\"><h2 class=\"elementor-heading-title elementor-size-default\">Aviso Legal<\/h2><\/div><\/div><div class=\"elementor-element elementor-element-fbb8733 elementor-widget elementor-widget-heading\" data-id=\"fbb8733\" data-element_type=\"widget\" data-widget_type=\"heading.default\"><div class=\"elementor-widget-container\"><h2 class=\"elementor-heading-title elementor-size-default\">I. INFORMACI\u00d3N GENERAL<\/h2><\/div><\/div><div class=\"elementor-element elementor-element-77aebef elementor-widget elementor-widget-text-editor\" data-id=\"77aebef\" data-element_type=\"widget\" data-widget_type=\"text-editor.default\"><div class=\"elementor-widget-container\"><p>En cumplimiento con el deber de informaci\u00f3n dispuesto en la Ley 34\/2002 de Servicios de la Sociedad de la Informaci\u00f3n y el Comercio Electr\u00f3nico (LSSI-CE) de 11 de julio, se facilitan a continuaci\u00f3n los siguientes datos de informaci\u00f3n general de este sitio web:<\/p><p>La titularidad de este sitio web, congresointernacionaldepsicologia.com, (en adelante, Sitio Web) la ostenta: Centro de Psicologia Pozuelo SL, provista de NIF: B67865295 e inscrita en: Registro Mercantil de Madrid con los siguientes datos registrales: Folio 21, Tomo 42832 INSCRIPCION 1, hoja n\u00famero M757287, cuyo representante es: Mercedes Bermejo Boixareu, y cuyos datos de contacto son:<\/p><p>Direcci\u00f3n: Av Juan XXIII 15b 28224 Pozuelo de Alarc\u00f3n, Madrid<\/p><p>Tel\u00e9fono de contacto:<\/p><p>Fax: 913527728<\/p><p>Email de contacto: info@psicologospozuelo.es<\/p><\/div><\/div><div class=\"elementor-element elementor-element-dcad745 elementor-widget elementor-widget-heading\" data-id=\"dcad745\" data-element_type=\"widget\" data-widget_type=\"heading.default\"><div class=\"elementor-widget-container\"><h2 class=\"elementor-heading-title elementor-size-default\">II. T\u00c9RMINOS Y CONDICIONES GENERALES DE USO<\/h2><\/div><\/div><div class=\"elementor-element elementor-element-c031a0f elementor-widget elementor-widget-heading\" data-id=\"c031a0f\" data-element_type=\"widget\" data-widget_type=\"heading.default\"><div class=\"elementor-widget-container\"><h2 class=\"elementor-heading-title elementor-size-default\">El objeto de las condiciones: El Sitio Web<\/h2><\/div><\/div><div class=\"elementor-element elementor-element-d9b4d39 elementor-widget elementor-widget-text-editor\" data-id=\"d9b4d39\" data-element_type=\"widget\" data-widget_type=\"text-editor.default\"><div class=\"elementor-widget-container\"><p>El objeto de las presentes Condiciones Generales de Uso (en adelante, Condiciones) es regular el acceso y la utilizaci\u00f3n del Sitio Web. A los efectos de las presentes Condiciones se entender\u00e1 como Sitio Web: la apariencia externa de los interfaces de pantalla, tanto de forma est\u00e1tica como de forma din\u00e1mica, es decir, el \u00e1rbol de navegaci\u00f3n; y todos los elementos integrados tanto en los interfaces de pantalla como en el \u00e1rbol de navegaci\u00f3n (en adelante, Contenidos) y todos aquellos servicios o recursos en l\u00ednea que en su caso ofrezca a los Usuarios (en adelante, Servicios).<\/p><p>Centro de Psicologia Pozuelo se reserva la facultad de modificar, en cualquier momento, y sin aviso previo, la presentaci\u00f3n y configuraci\u00f3n del Sitio Web y de los Contenidos y Servicios que en \u00e9l pudieran estar incorporados. El Usuario reconoce y acepta que en cualquier momento Centro de Psicologia Pozuelo pueda interrumpir, desactivar y\/o cancelar cualquiera de estos elementos que se integran en el Sitio Web o el acceso a los mismos.<\/p><p>El acceso al Sitio Web por el Usuario tiene car\u00e1cter libre y, por regla general, es gratuito sin que el Usuario tenga que proporcionar una contraprestaci\u00f3n para poder disfrutar de ello, salvo en lo relativo al coste de conexi\u00f3n a trav\u00e9s de la red de telecomunicaciones suministrada por el proveedor de acceso que hubiere contratado el Usuario.<\/p><p>La utilizaci\u00f3n de alguno de los Contenidos o Servicios del Sitio Web podr\u00e1 hacerse mediante la suscripci\u00f3n o registro previo del Usuario.<\/p><\/div><\/div><div class=\"elementor-element elementor-element-e4eeccf elementor-widget elementor-widget-heading\" data-id=\"e4eeccf\" data-element_type=\"widget\" data-widget_type=\"heading.default\"><div class=\"elementor-widget-container\"><h2 class=\"elementor-heading-title elementor-size-default\">El Usuario<\/h2><\/div><\/div><div class=\"elementor-element elementor-element-9ac03d4 elementor-widget elementor-widget-text-editor\" data-id=\"9ac03d4\" data-element_type=\"widget\" data-widget_type=\"text-editor.default\"><div class=\"elementor-widget-container\"><p>El acceso, la navegaci\u00f3n y uso del Sitio Web, as\u00ed como por los espacios habilitados para interactuar entre los Usuarios, y el Usuario y Centro de Psicologia Pozuelo, como los comentarios y\/o espacios de blogging, confiere la condici\u00f3n de Usuario, por lo que se aceptan, desde que se inicia la navegaci\u00f3n por el Sitio Web, todas las Condiciones aqu\u00ed establecidas, as\u00ed como sus ulteriores modificaciones, sin perjuicio de la aplicaci\u00f3n de la correspondiente normativa legal de obligado cumplimiento seg\u00fan el caso. Dada la relevancia de lo anterior, se recomienda al Usuario leerlas cada vez que visite el Sitio Web.<\/p><p>El Sitio Web de Centro de Psicologia Pozuelo proporciona gran diversidad de informaci\u00f3n, servicios y datos. El Usuario asume su responsabilidad para realizar un uso correcto del Sitio Web. Esta responsabilidad se extender\u00e1 a:<\/p><ul><li>Un uso de la informaci\u00f3n, Contenidos y\/o Servicios y datos ofrecidos por Centro de Psicologia Pozuelo sin que sea contrario a lo dispuesto por las presentes Condiciones, la Ley, la moral o el orden p\u00fablico, o que de cualquier otro modo puedan suponer lesi\u00f3n de los derechos de terceros o del mismo funcionamiento del Sitio Web.<\/li><li>La veracidad y licitud de las informaciones aportadas por el Usuario en los formularios extendidos por Centro de Psicologia Pozuelo para el acceso a ciertos Contenidos o Servicios ofrecidos por el Sitio Web. En todo caso, el Usuario notificar\u00e1 de forma inmediata a Centro de Psicologia Pozuelo acerca de cualquier hecho que permita el uso indebido de la informaci\u00f3n registrada en dichos formularios, tales como, pero no solo, el robo, extrav\u00edo, o el acceso no autorizado a identificadores y\/o contrase\u00f1as, con el fin de proceder a su inmediata cancelaci\u00f3n.<\/li><\/ul><p>Centro de Psicologia Pozuelo se reserva el derecho de retirar todos aquellos comentarios y aportaciones que vulneren la ley, el respeto a la dignidad de la persona, que sean discriminatorios, xen\u00f3fobos, racistas, pornogr\u00e1ficos, spamming, que atenten contra la juventud o la infancia, el orden o la seguridad p\u00fablica o que, a su juicio, no resultaran adecuados para su publicaci\u00f3n.<\/p><p>En cualquier caso, Centro de Psicologia Pozuelo no ser\u00e1 responsable de las opiniones vertidas por los Usuarios a trav\u00e9s de comentarios u otras herramientas de blogging o de participaci\u00f3n que pueda haber.<\/p><p>El mero acceso a este Sitio Web no supone entablar ning\u00fan tipo de relaci\u00f3n de car\u00e1cter comercial entre Centro de Psicologia Pozuelo y el Usuario.<\/p><p>Siempre en el respeto de la legislaci\u00f3n vigente, este Sitio Web de Centro de Psicologia Pozuelo se dirige a todas las personas, sin importar su edad, que puedan acceder y\/o navegar por las p\u00e1ginas del Sitio Web.<\/p><p>El Sitio Web est\u00e1 dirigido principalmente a Usuarios residentes en Espa\u00f1a. Centro de Psicologia Pozuelo no asegura que el Sitio Web cumpla con legislaciones de otros pa\u00edses, ya sea total o parcialmente. Si el Usuario reside o tiene su domiciliado en otro lugar y decide acceder y\/o navegar en el Sitio Web lo har\u00e1 bajo su propia responsabilidad, deber\u00e1 asegurarse de que tal acceso y navegaci\u00f3n cumple con la legislaci\u00f3n local que le es aplicable, no asumiendo Centro de Psicologia Pozuelo responsabilidad alguna que se pueda derivar de dicho acceso.<\/p><\/div><\/div><div class=\"elementor-element elementor-element-d7f04cb elementor-widget elementor-widget-heading\" data-id=\"d7f04cb\" data-element_type=\"widget\" data-widget_type=\"heading.default\"><div class=\"elementor-widget-container\"><h2 class=\"elementor-heading-title elementor-size-default\">III. ACCESO Y NAVEGACI\u00d3N EN EL SITIO WEB: EXCLUSI\u00d3N DE GARANT\u00cdAS Y RESPONSABILIDAD<\/h2><\/div><\/div><div class=\"elementor-element elementor-element-79de467 elementor-widget elementor-widget-text-editor\" data-id=\"79de467\" data-element_type=\"widget\" data-widget_type=\"text-editor.default\"><div class=\"elementor-widget-container\"><p>Centro de Psicologia Pozuelo no garantiza la continuidad, disponibilidad y utilidad del Sitio Web, ni de los Contenidos o Servicios. Centro de Psicologia Pozuelo har\u00e1 todo lo posible por el buen funcionamiento del Sitio Web, sin embargo, no se responsabiliza ni garantiza que el acceso a este Sitio Web no vaya a ser ininterrumpido o que est\u00e9 libre de error.<\/p><p>Tampoco se responsabiliza o garantiza que el contenido o software al que pueda accederse a trav\u00e9s de este Sitio Web, est\u00e9 libre de error o cause un da\u00f1o al sistema inform\u00e1tico (software y hardware) del Usuario. En ning\u00fan caso Centro de Psicologia Pozuelo ser\u00e1 responsable por las p\u00e9rdidas, da\u00f1os o perjuicios de cualquier tipo que surjan por el acceso, navegaci\u00f3n y el uso del Sitio Web, incluy\u00e9ndose, pero no limit\u00e1ndose, a los ocasionados a los sistemas inform\u00e1ticos o los provocados por la introducci\u00f3n de virus.<\/p><p>Centro de Psicologia Pozuelo tampoco se hace responsable de los da\u00f1os que pudiesen ocasionarse a los usuarios por un uso inadecuado de este Sitio Web. En particular, no se hace responsable en modo alguno de las ca\u00eddas, interrupciones, falta o defecto de las telecomunicaciones que pudieran ocurrir.<\/p><\/div><\/div><div class=\"elementor-element elementor-element-81881ce elementor-widget elementor-widget-heading\" data-id=\"81881ce\" data-element_type=\"widget\" data-widget_type=\"heading.default\"><div class=\"elementor-widget-container\"><h2 class=\"elementor-heading-title elementor-size-default\">IV. POL\u00cdTICA DE ENLACES<\/h2><\/div><\/div><div class=\"elementor-element elementor-element-b160ae0 elementor-widget elementor-widget-text-editor\" data-id=\"b160ae0\" data-element_type=\"widget\" data-widget_type=\"text-editor.default\"><div class=\"elementor-widget-container\"><p>El Usuario o tercero que realice un hiperv\u00ednculo desde una p\u00e1gina web de otro, distinto, sitio web al Sitio Web de Centro de Psicologia Pozuelo deber\u00e1 saber que:<\/p><p>No se permite la reproducci\u00f3n \u2014total o parcialmente\u2014 de ninguno de los Contenidos y\/o Servicios del Sitio Web sin autorizaci\u00f3n expresa de Centro de Psicologia Pozuelo.<\/p><p>No se permite tampoco ninguna manifestaci\u00f3n falsa, inexacta o incorrecta sobre el Sitio Web de Centro de Psicologia Pozuelo, ni sobre los Contenidos y\/o Servicios del mismo.<\/p><p>A excepci\u00f3n del hiperv\u00ednculo, el sitio web en el que se establezca dicho hiperenlace no contendr\u00e1 ning\u00fan elemento, de este Sitio Web, protegido como propiedad intelectual por el ordenamiento jur\u00eddico espa\u00f1ol, salvo autorizaci\u00f3n expresa de Centro de Psicologia Pozuelo.<\/p><p>El establecimiento del hiperv\u00ednculo no implicar\u00e1 la existencia de relaciones entre Centro de Psicologia Pozuelo y el titular del sitio web desde el cual se realice, ni el conocimiento y aceptaci\u00f3n de Centro de Psicologia Pozuelo de los contenidos, servicios y\/o actividades ofrecidas en dicho sitio web, y viceversa.<\/p><\/div><\/div><div class=\"elementor-element elementor-element-bdced6c elementor-widget elementor-widget-heading\" data-id=\"bdced6c\" data-element_type=\"widget\" data-widget_type=\"heading.default\"><div class=\"elementor-widget-container\"><h2 class=\"elementor-heading-title elementor-size-default\">V. PROPIEDAD INTELECTUAL E INDUSTRIAL<\/h2><\/div><\/div><div class=\"elementor-element elementor-element-6adeb60 elementor-widget elementor-widget-text-editor\" data-id=\"6adeb60\" data-element_type=\"widget\" data-widget_type=\"text-editor.default\"><div class=\"elementor-widget-container\"><p>Centro de Psicologia Pozuelo por s\u00ed o como parte cesionaria, es titular de todos los derechos de propiedad intelectual e industrial del Sitio Web, as\u00ed como de los elementos contenidos en el mismo (a t\u00edtulo enunciativo y no exhaustivo, im\u00e1genes, sonido, audio, v\u00eddeo, software o textos, marcas o logotipos, combinaciones de colores, estructura y dise\u00f1o, selecci\u00f3n de materiales usados, programas de ordenador necesarios para su funcionamiento, acceso y uso, etc.). Ser\u00e1n, por consiguiente, obras protegidas como propiedad intelectual por el ordenamiento jur\u00eddico espa\u00f1ol, si\u00e9ndoles aplicables tanto la normativa espa\u00f1ola y comunitaria en este campo, como los tratados internacionales relativos a la materia y suscritos por Espa\u00f1a.<\/p><p>Todos los derechos reservados. En virtud de lo dispuesto en la Ley de Propiedad Intelectual, quedan expresamente prohibidas la reproducci\u00f3n, la distribuci\u00f3n y la comunicaci\u00f3n p\u00fablica, incluida su modalidad de puesta a disposici\u00f3n, de la totalidad o parte de los contenidos de esta p\u00e1gina web, con fines comerciales, en cualquier soporte y por cualquier medio t\u00e9cnico, sin la autorizaci\u00f3n de Centro de Psicologia Pozuelo.<\/p><p>El Usuario se compromete a respetar los derechos de propiedad intelectual e industrial de Centro de Psicologia Pozuelo. Podr\u00e1 visualizar los elementos del Sitio Web o incluso imprimirlos, copiarlos y almacenarlos en el disco duro de su ordenador o en cualquier otro soporte f\u00edsico siempre y cuando sea, exclusivamente, para su uso personal. El Usuario, sin embargo, no podr\u00e1 suprimir, alterar, o manipular cualquier dispositivo de protecci\u00f3n o sistema de seguridad que estuviera instalado en el Sitio Web.<\/p><p>En caso de que el Usuario o tercero considere que cualquiera de los Contenidos del Sitio Web suponga una violaci\u00f3n de los derechos de protecci\u00f3n de la propiedad intelectual, deber\u00e1 comunicarlo inmediatamente a Centro de Psicologia Pozuelo a trav\u00e9s de los datos de contacto del apartado de INFORMACI\u00d3N GENERAL de este Aviso Legal y Condiciones Generales de Uso.<\/p><\/div><\/div><div class=\"elementor-element elementor-element-4e32ecd elementor-widget elementor-widget-heading\" data-id=\"4e32ecd\" data-element_type=\"widget\" data-widget_type=\"heading.default\"><div class=\"elementor-widget-container\"><h2 class=\"elementor-heading-title elementor-size-default\">VI. ACCIONES LEGALES, LEGISLACI\u00d3N APLICABLE Y JURISDICCI\u00d3N<\/h2><\/div><\/div><div class=\"elementor-element elementor-element-d5e7874 elementor-widget elementor-widget-text-editor\" data-id=\"d5e7874\" data-element_type=\"widget\" data-widget_type=\"text-editor.default\"><div class=\"elementor-widget-container\"><p>Centro de Psicologia Pozuelo se reserva la facultad de presentar las acciones civiles o penales que considere necesarias por la utilizaci\u00f3n indebida del Sitio Web y Contenidos, o por el incumplimiento de las presentes Condiciones.<\/p><p>La relaci\u00f3n entre el Usuario y Centro de Psicologia Pozuelo se regir\u00e1 por la normativa vigente y de aplicaci\u00f3n en el territorio espa\u00f1ol. De surgir cualquier controversia en relaci\u00f3n con la interpretaci\u00f3n y\/o a la aplicaci\u00f3n de estas Condiciones las partes someter\u00e1n sus conflictos a la jurisdicci\u00f3n ordinaria someti\u00e9ndose a los jueces y tribunales que correspondan conforme a derecho.<\/p><p>Este documento de Aviso Legal y Condiciones Generales de uso del sitio web ha sido creado mediante el generador de\u00a0<a href=\"https:\/\/textos-legales.edgartamarit.com\/\">plantilla de aviso legal y condiciones de uso<\/a>\u00a0online el d\u00eda 29\/08\/2023.<\/p><\/div><\/div>\t\t\t\t\t\t\t\t<\/div>\n\t\t\t\t<\/div>\n\t\t\t\t\t<\/div>\n\t\t\t\t<\/div>\n\t\t\t\t<\/div>","protected":false},"excerpt":{"rendered":"<p>Aviso Legal I. INFORMACI\u00d3N GENERAL En cumplimiento con el deber de informaci\u00f3n dispuesto en la Ley 34\/2002 de Servicios de la Sociedad de la Informaci\u00f3n y el Comercio Electr\u00f3nico (LSSI-CE) [&hellip;]<\/p>\n","protected":false},"author":2,"featured_media":0,"parent":0,"menu_order":0,"comment_status":"closed","ping_status":"closed","template":"","meta":{"footnotes":""},"class_list":["post-2765","page","type-page","status-publish","hentry"],"yoast_head":"<!-- This site is optimized with the Yoast SEO plugin v27.3 - https:\/\/yoast.com\/product\/yoast-seo-wordpress\/ -->\n<title>Aviso Legal - Congreso Internacional de Psicoterapia Sist\u00e9mica<\/title>\n<meta name=\"robots\" content=\"index, follow, max-snippet:-1, max-image-preview:large, max-video-preview:-1\" \/>\n<link rel=\"canonical\" href=\"https:\/\/congresointernacionaldepsicologia.com\/en\/aviso-legal\/\" \/>\n<meta property=\"og:locale\" content=\"en_US\" \/>\n<meta property=\"og:type\" content=\"article\" \/>\n<meta property=\"og:title\" content=\"Aviso Legal - Congreso Internacional de Psicoterapia Sist\u00e9mica\" \/>\n<meta property=\"og:description\" content=\"Aviso Legal I. INFORMACI\u00d3N GENERAL En cumplimiento con el deber de informaci\u00f3n dispuesto en la Ley 34\/2002 de Servicios de la Sociedad de la Informaci\u00f3n y el Comercio Electr\u00f3nico (LSSI-CE) [&hellip;]\" \/>\n<meta property=\"og:url\" content=\"https:\/\/congresointernacionaldepsicologia.com\/en\/aviso-legal\/\" \/>\n<meta property=\"og:site_name\" content=\"Congreso Internacional de Psicoterapia Sist\u00e9mica\" \/>\n<meta property=\"article:modified_time\" content=\"2024-06-23T12:59:37+00:00\" \/>\n<meta name=\"twitter:card\" content=\"summary_large_image\" \/>\n<meta name=\"twitter:label1\" content=\"Est. reading time\" \/>\n\t<meta name=\"twitter:data1\" content=\"16 minutes\" \/>\n<script type=\"application\/ld+json\" class=\"yoast-schema-graph\">{\"@context\":\"https:\\\/\\\/schema.org\",\"@graph\":[{\"@type\":\"WebPage\",\"@id\":\"https:\\\/\\\/congresointernacionaldepsicologia.com\\\/aviso-legal\\\/\",\"url\":\"https:\\\/\\\/congresointernacionaldepsicologia.com\\\/aviso-legal\\\/\",\"name\":\"Aviso Legal - Congreso Internacional de Psicoterapia Sist\u00e9mica\",\"isPartOf\":{\"@id\":\"https:\\\/\\\/congresointernacionaldepsicologia.com\\\/#website\"},\"datePublished\":\"2024-06-23T11:48:12+00:00\",\"dateModified\":\"2024-06-23T12:59:37+00:00\",\"breadcrumb\":{\"@id\":\"https:\\\/\\\/congresointernacionaldepsicologia.com\\\/aviso-legal\\\/#breadcrumb\"},\"inLanguage\":\"en-US\",\"potentialAction\":[{\"@type\":\"ReadAction\",\"target\":[\"https:\\\/\\\/congresointernacionaldepsicologia.com\\\/aviso-legal\\\/\"]}]},{\"@type\":\"BreadcrumbList\",\"@id\":\"https:\\\/\\\/congresointernacionaldepsicologia.com\\\/aviso-legal\\\/#breadcrumb\",\"itemListElement\":[{\"@type\":\"ListItem\",\"position\":1,\"name\":\"Portada\",\"item\":\"https:\\\/\\\/congresointernacionaldepsicologia.com\\\/\"},{\"@type\":\"ListItem\",\"position\":2,\"name\":\"Aviso Legal\"}]},{\"@type\":\"WebSite\",\"@id\":\"https:\\\/\\\/congresointernacionaldepsicologia.com\\\/#website\",\"url\":\"https:\\\/\\\/congresointernacionaldepsicologia.com\\\/\",\"name\":\"Congreso Internacional de Psicoterapia Sist\u00e9mica\",\"description\":\"\",\"publisher\":{\"@id\":\"https:\\\/\\\/congresointernacionaldepsicologia.com\\\/#organization\"},\"potentialAction\":[{\"@type\":\"SearchAction\",\"target\":{\"@type\":\"EntryPoint\",\"urlTemplate\":\"https:\\\/\\\/congresointernacionaldepsicologia.com\\\/?s={search_term_string}\"},\"query-input\":{\"@type\":\"PropertyValueSpecification\",\"valueRequired\":true,\"valueName\":\"search_term_string\"}}],\"inLanguage\":\"en-US\"},{\"@type\":\"Organization\",\"@id\":\"https:\\\/\\\/congresointernacionaldepsicologia.com\\\/#organization\",\"name\":\"Congreso Internacional de Psicoterapia Sist\u00e9mica\",\"url\":\"https:\\\/\\\/congresointernacionaldepsicologia.com\\\/\",\"logo\":{\"@type\":\"ImageObject\",\"inLanguage\":\"en-US\",\"@id\":\"https:\\\/\\\/congresointernacionaldepsicologia.com\\\/#\\\/schema\\\/logo\\\/image\\\/\",\"url\":\"https:\\\/\\\/congresointernacionaldepsicologia.com\\\/wp-content\\\/uploads\\\/2025\\\/02\\\/cropped-LOGO-CONGRESO-2026.png\",\"contentUrl\":\"https:\\\/\\\/congresointernacionaldepsicologia.com\\\/wp-content\\\/uploads\\\/2025\\\/02\\\/cropped-LOGO-CONGRESO-2026.png\",\"width\":4560,\"height\":1302,\"caption\":\"Congreso Internacional de Psicoterapia Sist\u00e9mica\"},\"image\":{\"@id\":\"https:\\\/\\\/congresointernacionaldepsicologia.com\\\/#\\\/schema\\\/logo\\\/image\\\/\"}}]}<\/script>\n<!-- \/ Yoast SEO plugin. -->","yoast_head_json":{"title":"Aviso Legal - Congreso Internacional de Psicoterapia Sist\u00e9mica","robots":{"index":"index","follow":"follow","max-snippet":"max-snippet:-1","max-image-preview":"max-image-preview:large","max-video-preview":"max-video-preview:-1"},"canonical":"https:\/\/congresointernacionaldepsicologia.com\/en\/aviso-legal\/","og_locale":"en_US","og_type":"article","og_title":"Aviso Legal - Congreso Internacional de Psicoterapia Sist\u00e9mica","og_description":"Aviso Legal I. INFORMACI\u00d3N GENERAL En cumplimiento con el deber de informaci\u00f3n dispuesto en la Ley 34\/2002 de Servicios de la Sociedad de la Informaci\u00f3n y el Comercio Electr\u00f3nico (LSSI-CE) [&hellip;]","og_url":"https:\/\/congresointernacionaldepsicologia.com\/en\/aviso-legal\/","og_site_name":"Congreso Internacional de Psicoterapia Sist\u00e9mica","article_modified_time":"2024-06-23T12:59:37+00:00","twitter_card":"summary_large_image","twitter_misc":{"Est. reading time":"16 minutes"},"schema":{"@context":"https:\/\/schema.org","@graph":[{"@type":"WebPage","@id":"https:\/\/congresointernacionaldepsicologia.com\/aviso-legal\/","url":"https:\/\/congresointernacionaldepsicologia.com\/aviso-legal\/","name":"Aviso Legal - Congreso Internacional de Psicoterapia Sist\u00e9mica","isPartOf":{"@id":"https:\/\/congresointernacionaldepsicologia.com\/#website"},"datePublished":"2024-06-23T11:48:12+00:00","dateModified":"2024-06-23T12:59:37+00:00","breadcrumb":{"@id":"https:\/\/congresointernacionaldepsicologia.com\/aviso-legal\/#breadcrumb"},"inLanguage":"en-US","potentialAction":[{"@type":"ReadAction","target":["https:\/\/congresointernacionaldepsicologia.com\/aviso-legal\/"]}]},{"@type":"BreadcrumbList","@id":"https:\/\/congresointernacionaldepsicologia.com\/aviso-legal\/#breadcrumb","itemListElement":[{"@type":"ListItem","position":1,"name":"Portada","item":"https:\/\/congresointernacionaldepsicologia.com\/"},{"@type":"ListItem","position":2,"name":"Aviso Legal"}]},{"@type":"WebSite","@id":"https:\/\/congresointernacionaldepsicologia.com\/#website","url":"https:\/\/congresointernacionaldepsicologia.com\/","name":"Congreso Internacional de Psicoterapia Sist\u00e9mica","description":"","publisher":{"@id":"https:\/\/congresointernacionaldepsicologia.com\/#organization"},"potentialAction":[{"@type":"SearchAction","target":{"@type":"EntryPoint","urlTemplate":"https:\/\/congresointernacionaldepsicologia.com\/?s={search_term_string}"},"query-input":{"@type":"PropertyValueSpecification","valueRequired":true,"valueName":"search_term_string"}}],"inLanguage":"en-US"},{"@type":"Organization","@id":"https:\/\/congresointernacionaldepsicologia.com\/#organization","name":"Congreso Internacional de Psicoterapia Sist\u00e9mica","url":"https:\/\/congresointernacionaldepsicologia.com\/","logo":{"@type":"ImageObject","inLanguage":"en-US","@id":"https:\/\/congresointernacionaldepsicologia.com\/#\/schema\/logo\/image\/","url":"https:\/\/congresointernacionaldepsicologia.com\/wp-content\/uploads\/2025\/02\/cropped-LOGO-CONGRESO-2026.png","contentUrl":"https:\/\/congresointernacionaldepsicologia.com\/wp-content\/uploads\/2025\/02\/cropped-LOGO-CONGRESO-2026.png","width":4560,"height":1302,"caption":"Congreso Internacional de Psicoterapia Sist\u00e9mica"},"image":{"@id":"https:\/\/congresointernacionaldepsicologia.com\/#\/schema\/logo\/image\/"}}]}},"_links":{"self":[{"href":"https:\/\/congresointernacionaldepsicologia.com\/en\/wp-json\/wp\/v2\/pages\/2765","targetHints":{"allow":["GET"]}}],"collection":[{"href":"https:\/\/congresointernacionaldepsicologia.com\/en\/wp-json\/wp\/v2\/pages"}],"about":[{"href":"https:\/\/congresointernacionaldepsicologia.com\/en\/wp-json\/wp\/v2\/types\/page"}],"author":[{"embeddable":true,"href":"https:\/\/congresointernacionaldepsicologia.com\/en\/wp-json\/wp\/v2\/users\/2"}],"replies":[{"embeddable":true,"href":"https:\/\/congresointernacionaldepsicologia.com\/en\/wp-json\/wp\/v2\/comments?post=2765"}],"version-history":[{"count":6,"href":"https:\/\/congresointernacionaldepsicologia.com\/en\/wp-json\/wp\/v2\/pages\/2765\/revisions"}],"predecessor-version":[{"id":2791,"href":"https:\/\/congresointernacionaldepsicologia.com\/en\/wp-json\/wp\/v2\/pages\/2765\/revisions\/2791"}],"wp:attachment":[{"href":"https:\/\/congresointernacionaldepsicologia.com\/en\/wp-json\/wp\/v2\/media?parent=2765"}],"curies":[{"name":"wp","href":"https:\/\/api.w.org\/{rel}","templated":true}]}}